{"id":8933,"date":"2021-07-30T10:41:00","date_gmt":"2021-07-30T10:41:00","guid":{"rendered":"https:\/\/flexmultservice.com.br\/tercerizacao-de-servicos\/?p=8933"},"modified":"2023-05-10T18:01:54","modified_gmt":"2023-05-10T18:01:54","slug":"empresa-de-limpeza-de-escolas-aracoiaba-da-serra","status":"publish","type":"page","link":"https:\/\/flexmultservice.com.br\/tercerizacao-de-servicos\/empresa-de-limpeza-de-escolas-aracoiaba-da-serra\/","title":{"rendered":"Empresa de Limpeza de  Escola Ara\u00e7oiaba da Serra"},"content":{"rendered":"<div class=\"wWOJcd\" tabindex=\"0\" role=\"button\" aria-controls=\"exacc_Ze0HYZmvDbLf1sQP-deC6A057\" aria-expanded=\"true\" aria-labelledby=\"exacc_Ze0HYZmvDbLf1sQP-deC6A056\">\n<div id=\"exacc_Ze0HYZmvDbLf1sQP-deC6A056\" class=\"iDjcJe IX9Lgd wwB5gf\"><strong>O que \u00e9 terceiriza\u00e7\u00e3o de limpeza?<\/strong><\/div>\n<div class=\"r21Kzd\" data-hveid=\"CB8QAQ\" data-ved=\"2ahUKEwjZ9faws5LyAhWyr5UCHfmrAN0Quk56BAgfEAE\">&nbsp;<\/div>\n<\/div>\n<div id=\"exacc_Ze0HYZmvDbLf1sQP-deC6A057\" class=\"MBtdbb\" data-ved=\"2ahUKEwjZ9faws5LyAhWyr5UCHfmrAN0Q7NUEegQIHxAD\">\n<div class=\"ymu2Hb\">\n<div id=\"_Ze0HYZmvDbLf1sQP-deC6A059\" class=\"t0bRye a2qtDc r2fjmd\" data-hveid=\"CB8QBA\" data-ved=\"2ahUKEwjZ9faws5LyAhWyr5UCHfmrAN0Qu04oAHoECB8QBA\">\n<div id=\"Ze0HYZmvDbLf1sQP-deC6A0__20\">\n<div class=\"wDYxhc\" data-md=\"61\">\n<div class=\"LGOjhe\" role=\"heading\" data-attrid=\"wa:\/description\" aria-level=\"3\" data-hveid=\"CBkQAA\"><span class=\"ILfuVd NA6bn\"><span class=\"hgKElc\">Com a&nbsp;<a href=\"http:\/\/flexmultservice.com.br\/terceirizacao-servico-de-limpeza.html\"><b>terceiriza\u00e7\u00e3o de limpeza<\/b><\/a>&nbsp;e conserva\u00e7\u00e3o, a empresa contratada ficar\u00e1 respons\u00e1vel pela forma\u00e7\u00e3o da equipe e do fornecimento de materiais e equipamentos. Assim, n\u00e3o h\u00e1 a necessidade de se preocupar com a presta\u00e7\u00e3o desse servi\u00e7o.<\/span><\/span><\/div>\n<div role=\"heading\" data-attrid=\"wa:\/description\" aria-level=\"3\" data-hveid=\"CBkQAA\">&nbsp;<\/div>\n<\/div>\n<\/div>\n<\/div>\n<div role=\"heading\" data-attrid=\"wa:\/description\" aria-level=\"3\" data-hveid=\"CBkQAA\">\n<div class=\"wWOJcd\" tabindex=\"0\" role=\"button\" aria-controls=\"exacc_Ze0HYZmvDbLf1sQP-deC6A081\" aria-expanded=\"true\" aria-labelledby=\"exacc_Ze0HYZmvDbLf1sQP-deC6A080\">\n<div id=\"exacc_Ze0HYZmvDbLf1sQP-deC6A080\" class=\"iDjcJe IX9Lgd wwB5gf\"><strong>O que \u00e9 o servi\u00e7o de limpeza?<\/strong><\/div>\n<div class=\"r21Kzd\" data-hveid=\"CDIQAQ\" data-ved=\"2ahUKEwjZ9faws5LyAhWyr5UCHfmrAN0Quk56BAgyEAE\">&nbsp;<\/div>\n<\/div>\n<div id=\"exacc_Ze0HYZmvDbLf1sQP-deC6A081\" class=\"MBtdbb\" data-ved=\"2ahUKEwjZ9faws5LyAhWyr5UCHfmrAN0Q7NUEegQIMhAD\">\n<div class=\"ymu2Hb\">\n<div id=\"_Ze0HYZmvDbLf1sQP-deC6A083\" class=\"t0bRye a2qtDc r2fjmd\" data-hveid=\"CDIQBA\" data-ved=\"2ahUKEwjZ9faws5LyAhWyr5UCHfmrAN0Qu04oAHoECDIQBA\">\n<div id=\"Ze0HYZmvDbLf1sQP-deC6A0__29\">\n<div class=\"wDYxhc\" data-md=\"61\">\n<div class=\"LGOjhe\" role=\"heading\" data-attrid=\"wa:\/description\" aria-level=\"3\" data-hveid=\"CDEQAA\"><span class=\"ILfuVd NA6bn\"><span class=\"hgKElc\">O&nbsp;<a href=\"http:\/\/flexmultservice.com.br\/terceirizacao-servico-de-limpeza.html\"><b>servi\u00e7o de limpeza<\/b><\/a>&nbsp;residencial \u00e9 realizada em casas e apartamentos de pessoas f\u00edsicas. Os profissionais s\u00e3o respons\u00e1veis por coletar o lixo,varrer, lavar, espanar, encerar, lavar vidros de janelas, limpar m\u00f3veis e utens\u00edlios.<\/span><\/span><\/div>\n<div role=\"heading\" data-attrid=\"wa:\/description\" aria-level=\"3\" data-hveid=\"CDEQAA\">&nbsp;<\/div>\n<\/div>\n<div role=\"heading\" data-attrid=\"wa:\/description\" aria-level=\"3\" data-hveid=\"CDEQAA\">\n<div id=\"exacc_te0HYb-lDqa65OUP37-AsAc4\" class=\"iDjcJe IX9Lgd wwB5gf\"><strong>O que \u00e9 a terceiriza\u00e7\u00e3o de servi\u00e7os?<\/strong><\/div>\n<div class=\"YsGUOb\">&nbsp;<\/div>\n<\/div>\n<\/div>\n<\/div>\n<div role=\"heading\" data-attrid=\"wa:\/description\" aria-level=\"3\" data-hveid=\"CDEQAA\"><a href=\"http:\/\/flexmultservice.com.br\/terceirizacao-servico-de-limpeza.html\"><b>Terceiriza\u00e7\u00e3o<\/b>&nbsp;<\/a>\u00e9 a contrata\u00e7\u00e3o de empresa para a realiza\u00e7\u00e3o de&nbsp;<a href=\"http:\/\/flexmultservice.com.br\/\"><b>servi\u00e7os<\/b><\/a>&nbsp;espec\u00edficos dentro do processo produtivo da empresa contratante. &#8230; O conceito de<a href=\"http:\/\/flexmultservice.com.br\/terceirizacao-servico-de-limpeza.html\">&nbsp;<b>terceiriza\u00e7\u00e3o<\/b>&nbsp;<\/a>prev\u00ea que a empresa contratada deve realizar os&nbsp;<b>servi\u00e7os<\/b>&nbsp;com organiza\u00e7\u00e3o pr\u00f3pria, autonomia t\u00e9cnica e jur\u00eddica, cumprindo o objeto do contrato.<\/div>\n<div role=\"heading\" data-attrid=\"wa:\/description\" aria-level=\"3\" data-hveid=\"CDEQAA\">&nbsp;<\/div>\n<\/div>\n<div role=\"heading\" data-attrid=\"wa:\/description\" aria-level=\"3\" data-hveid=\"CDEQAA\">\n<div class=\"wWOJcd\" tabindex=\"0\" role=\"button\" aria-controls=\"exacc_te0HYb-lDqa65OUP37-AsAc7\" aria-expanded=\"true\" aria-labelledby=\"exacc_te0HYb-lDqa65OUP37-AsAc6\">\n<div id=\"exacc_te0HYb-lDqa65OUP37-AsAc6\" class=\"iDjcJe IX9Lgd wwB5gf\"><strong>Qual a vantagem de contratar uma empresa de limpeza?<\/strong><\/div>\n<\/div>\n<div class=\"wWOJcd\" tabindex=\"0\" role=\"button\" aria-controls=\"exacc_te0HYb-lDqa65OUP37-AsAc7\" aria-expanded=\"true\" aria-labelledby=\"exacc_te0HYb-lDqa65OUP37-AsAc6\">\n<div class=\"r21Kzd\" data-hveid=\"CAIQAQ\" data-ved=\"2ahUKEwj_04rXs5LyAhUmHbkGHd8fAHYQuk56BAgCEAE\">&nbsp;<\/div>\n<\/div>\n<div id=\"exacc_te0HYb-lDqa65OUP37-AsAc7\" class=\"MBtdbb\" data-ved=\"2ahUKEwj_04rXs5LyAhUmHbkGHd8fAHYQ7NUEegQIAhAD\">\n<div class=\"ymu2Hb\">\n<div class=\"t0bRye a2qtDc r2fjmd\" data-hveid=\"CAIQBA\" data-ved=\"2ahUKEwj_04rXs5LyAhUmHbkGHd8fAHYQu04oAHoECAIQBA\">\n<div id=\"te0HYb-lDqa65OUP37-AsAc__6\">\n<div class=\"wDYxhc\" data-md=\"61\">\n<div class=\"LGOjhe\" role=\"heading\" data-attrid=\"wa:\/description\" aria-level=\"3\" data-hveid=\"CAYQAA\"><span class=\"ILfuVd NA6bn\"><span class=\"hgKElc\">Al\u00e9m de ser mais conveniente, o servi\u00e7o de terceiriza\u00e7\u00e3o de&nbsp;<b>limpeza<\/b>&nbsp;fornece um atendimento sob medida, conforme as necessidades do cliente. A disponibilidade de funcion\u00e1rio tamb\u00e9m \u00e9 outra&nbsp;<b>vantagem<\/b>&nbsp;importante ao&nbsp;<b><a href=\"http:\/\/flexmultservice.com.br\/contato-para-servicos-condominio.html\">contratar<\/a> <a href=\"http:\/\/flexmultservice.com.br\/terceirizacao-servico-de-limpeza.html\">uma empresa de limpeza<\/a><\/b>.<\/span><\/span><\/div>\n<div role=\"heading\" data-attrid=\"wa:\/description\" aria-level=\"3\" data-hveid=\"CAYQAA\">&nbsp;<\/div>\n<div role=\"heading\" data-attrid=\"wa:\/description\" aria-level=\"3\" data-hveid=\"CAYQAA\"><strong>O que \u00e9 um emprego terceirizado?<\/strong><\/div>\n<div role=\"heading\" data-attrid=\"wa:\/description\" aria-level=\"3\" data-hveid=\"CAYQAA\">&nbsp;<\/div>\n<\/div>\n<div role=\"heading\" data-attrid=\"wa:\/description\" aria-level=\"3\" data-hveid=\"CAYQAA\"><a href=\"http:\/\/flexmultservice.com.br\/terceirizacao-de-servicos-condominio.html\"><b>Terceiriza\u00e7\u00e3o<\/b>&nbsp;<\/a>\u00e9 a contrata\u00e7\u00e3o de servi\u00e7os por meio de empresa, intermedi\u00e1ria (interposta) entre o tomador de servi\u00e7os e a m\u00e3o-de-obra, mediante contrato de presta\u00e7\u00e3o de servi\u00e7os. A rela\u00e7\u00e3o de emprego se faz entre o trabalhador e a empresa prestadora de servi\u00e7os, e n\u00e3o diretamente com o contratante (tomador) destes.<\/div>\n<div role=\"heading\" data-attrid=\"wa:\/description\" aria-level=\"3\" data-hveid=\"CAYQAA\">&nbsp;<\/div>\n<\/div>\n<div role=\"heading\" data-attrid=\"wa:\/description\" aria-level=\"3\" data-hveid=\"CAYQAA\">\n<div class=\"wWOJcd\" tabindex=\"0\" role=\"button\" aria-controls=\"exacc_6-0HYaXJA-LC5OUPj8iu2Ao6\" aria-expanded=\"true\" aria-labelledby=\"exacc_6-0HYaXJA-LC5OUPj8iu2Ao5\">\n<div id=\"exacc_6-0HYaXJA-LC5OUPj8iu2Ao5\" class=\"iDjcJe IX9Lgd wwB5gf\"><strong>Porque a terceiriza\u00e7\u00e3o de servi\u00e7os?<\/strong><\/div>\n<div class=\"r21Kzd\" data-hveid=\"CAEQAQ\" data-ved=\"2ahUKEwjl6t_ws5LyAhViIbkGHQ-kC6sQuk56BAgBEAE\">&nbsp;<\/div>\n<\/div>\n<div id=\"exacc_6-0HYaXJA-LC5OUPj8iu2Ao6\" class=\"MBtdbb\" data-ved=\"2ahUKEwjl6t_ws5LyAhViIbkGHQ-kC6sQ7NUEegQIARAD\">\n<div class=\"ymu2Hb\">\n<div class=\"t0bRye a2qtDc r2fjmd\" data-hveid=\"CAEQBA\" data-ved=\"2ahUKEwjl6t_ws5LyAhViIbkGHQ-kC6sQu04oAHoECAEQBA\">\n<div id=\"6-0HYaXJA-LC5OUPj8iu2Ao__6\">\n<div class=\"wDYxhc\" data-md=\"61\">\n<div class=\"LGOjhe\" role=\"heading\" data-attrid=\"wa:\/description\" aria-level=\"3\" data-hveid=\"CAgQAA\"><span class=\"ILfuVd NA6bn\"><span class=\"hgKElc\">O diferencial de uma empresa que<a href=\"http:\/\/flexmultservice.com.br\/terceirizacao-de-servicos-condominio.html\"><b>terceiriza servi\u00e7os<\/b><\/a>&nbsp;\u00e9 poder oferecer aos seus clientes, al\u00e9m da redu\u00e7\u00e3o de custos,&nbsp;<b>servi\u00e7os<\/b>&nbsp;e profissionais de qualidade. A empresa pode at\u00e9 achar muito vantajoso que o tempo seja otimizado e os custos reduzidos, mas se o&nbsp;<a href=\"http:\/\/flexmultservice.com.br\/tercerizacao-de-servicos\/\"><b>servi\u00e7o<\/b><\/a>&nbsp;for ruim, n\u00e3o contratar\u00e1.<\/span><\/span><\/div>\n<\/div>\n<\/div>\n<div role=\"heading\" data-attrid=\"wa:\/description\" aria-level=\"3\" data-hveid=\"CAgQAA\">\n<p class=\"excert\">A <strong>Flex Mult Service,<\/strong> sin\u00f4nimo de excel\u00eancia em servi\u00e7os de limpeza, com profissionais treinados e altamente qualificados para deixar e manter ambientes saud\u00e1veis, limpos e aconchegantes; possu\u00edmos al\u00e9m da m\u00e3o de obra, equipamentos modernos com tecnologia de ponta, fornecimento de insumos dentre outro.<\/p>\n<p>Sabemos que cabe ao profissional de limpeza o zelo pela sa\u00fade e o bem estar de todos, conservando os ambientes limpos e agrad\u00e1veis, tendo cuidado especial com manuseio e armazenamento de produtos sanit\u00e1rios e o compromisso com o meio ambiente, sendo respons\u00e1vel direto pela economia de recursos h\u00eddricos, de materiais e de energia el\u00e9trica.<\/p>\n<\/div>\n<div id=\"6-0HYaXJA-LC5OUPj8iu2Ao__6\">\n<div role=\"heading\" data-attrid=\"wa:\/description\" aria-level=\"3\" data-hveid=\"CAgQAA\"><img decoding=\"async\" loading=\"lazy\" class=\"alignnone size-medium\" src=\"http:\/\/flexmultservice.com.br\/img\/servico\/05.png\" width=\"750\" height=\"375\"><\/div>\n<\/div>\n<div role=\"heading\" data-attrid=\"wa:\/description\" aria-level=\"3\" data-hveid=\"CAgQAA\">Termos pesquisados<\/div>\n<\/div>\n<div role=\"heading\" data-attrid=\"wa:\/description\" aria-level=\"3\" data-hveid=\"CAgQAA\">\n<p>terceirizacao de limpeza sp,<br \/>\nempresas de limpeza contratando,<br \/>\nempresas terceirizadas de limpeza contratando,<br \/>\nnomes de empresas terceirizadas de limpeza,<br \/>\nempresas terceirizadas de limpeza em sp,<br \/>\nempresas terceirizadas de limpeza escolar,<br \/>\nservico de limpeza terceirizado preco,<br \/>\nempresa de limpeza trabalhe conosco,<\/p>\n<p>terceiriza\u00e7\u00e3o de limpeza sp,<br \/>\nempresas de limpeza contratando,<br \/>\nservi\u00e7o de limpeza terceirizado pre\u00e7o,<br \/>\nterceiriza\u00e7\u00e3o de servi\u00e7os,<br \/>\nempresas terceirizadas de limpeza em sp,<br \/>\nempresas terceirizadas de limpeza contratando,<\/p>\n<p>terceiriza\u00e7\u00e3o de limpeza sp,<br \/>\nempresas de limpeza contratando,<br \/>\nempresas terceirizadas de limpeza contratando,<br \/>\nnomes de empresas terceirizadas de limpeza,<br \/>\nempresas terceirizadas de limpeza em sp,<br \/>\nempresas terceirizadas de limpeza escolar,<br \/>\nservi\u00e7o de limpeza terceirizado pre\u00e7o,<br \/>\nempresa de limpeza trabalhe conosco,<br \/>\nterceirizacao de limpeza sp,<br \/>\nempresas de limpeza contratando,<br \/>\nempresas terceirizadas de limpeza contratando,<br \/>\nnomes de empresas terceirizadas de limpeza,<br \/>\nempresas terceirizadas de limpeza em sp,<br \/>\nempresas terceirizadas de limpeza escolar,<br \/>\nservico de limpeza terceirizado preco,<br \/>\nempresa de limpeza trabalhe conosco,<\/p>\n<p>terceiriza\u00e7\u00e3o de limpeza sp,<br \/>\nempresas de limpeza contratando,<br \/>\nempresas terceirizadas de limpeza contratando,<br \/>\nnomes de empresas terceirizadas de limpeza,<br \/>\nempresas terceirizadas de limpeza em sp,<br \/>\nempresas terceirizadas de limpeza escolar,<br \/>\nservi\u00e7o de limpeza terceirizado pre\u00e7o,<br \/>\nempresa de limpeza trabalhe conosco,<\/p>\n<\/div>\n<\/div>\n<\/div>\n<\/div>\n<\/div>\n<\/div>\n<\/div>\n<\/div>\n<\/div>\n<\/div>\n<\/div>\n<\/div>\n","protected":false},"excerpt":{"rendered":"<p>O que \u00e9 terceiriza\u00e7\u00e3o de limpeza? &nbsp; Com a&nbsp;terceiriza\u00e7\u00e3o de limpeza&nbsp;e conserva\u00e7\u00e3o, a empresa contratada ficar\u00e1 respons\u00e1vel pela forma\u00e7\u00e3o da equipe e do fornecimento de materiais e equipamentos. Assim, n\u00e3o h\u00e1 a necessidade de se preocupar com a presta\u00e7\u00e3o desse servi\u00e7o. &nbsp; O que \u00e9 o servi\u00e7o de limpeza? &nbsp; O&nbsp;servi\u00e7o de limpeza&nbsp;residencial \u00e9 realizada [&hellip;]<\/p>\n","protected":false},"author":1,"featured_media":0,"parent":0,"menu_order":0,"comment_status":"closed","ping_status":"closed","template":"","meta":{"ngg_post_thumbnail":0,"_joinchat":[]},"yoast_head":"<!-- This site is optimized with the Yoast SEO Premium plugin v15.5 - https:\/\/yoast.com\/wordpress\/plugins\/seo\/ -->\n<title>Empresa de Limpeza de Escola Ara\u00e7oiaba da Serra - Terceiriza\u00e7\u00e3o de servi\u00e7o em Alphaville - Para Empresas e Condom\u00ednios<\/title>\n<meta name=\"robots\" content=\"index, follow, max-snippet:-1, max-image-preview:large, max-video-preview:-1\" \/>\n<link rel=\"canonical\" href=\"https:\/\/flexmultservice.com.br\/tercerizacao-de-servicos\/empresa-de-limpeza-de-escolas-aracoiaba-da-serra\/\" \/>\n<meta property=\"og:locale\" content=\"pt_BR\" \/>\n<meta property=\"og:type\" content=\"article\" \/>\n<meta property=\"og:title\" content=\"Empresa de Limpeza de Escola Ara\u00e7oiaba da Serra - Terceiriza\u00e7\u00e3o de servi\u00e7o em Alphaville - Para Empresas e Condom\u00ednios\" \/>\n<meta property=\"og:description\" content=\"O que \u00e9 terceiriza\u00e7\u00e3o de limpeza? &nbsp; Com a&nbsp;terceiriza\u00e7\u00e3o de limpeza&nbsp;e conserva\u00e7\u00e3o, a empresa contratada ficar\u00e1 respons\u00e1vel pela forma\u00e7\u00e3o da equipe e do fornecimento de materiais e equipamentos. Assim, n\u00e3o h\u00e1 a necessidade de se preocupar com a presta\u00e7\u00e3o desse servi\u00e7o. &nbsp; O que \u00e9 o servi\u00e7o de limpeza? &nbsp; O&nbsp;servi\u00e7o de limpeza&nbsp;residencial \u00e9 realizada [&hellip;]\" \/>\n<meta property=\"og:url\" content=\"https:\/\/flexmultservice.com.br\/tercerizacao-de-servicos\/empresa-de-limpeza-de-escolas-aracoiaba-da-serra\/\" \/>\n<meta property=\"og:site_name\" content=\"Terceiriza\u00e7\u00e3o de servi\u00e7o em Alphaville - Para Empresas e Condom\u00ednios\" \/>\n<meta property=\"article:publisher\" content=\"https:\/\/www.facebook.com\/Flex-Mult-Service-103623348472148\" \/>\n<meta property=\"article:modified_time\" content=\"2023-05-10T18:01:54+00:00\" \/>\n<meta property=\"og:image\" content=\"http:\/\/flexmultservice.com.br\/img\/servico\/05.png\" \/>\n<meta name=\"twitter:card\" content=\"summary_large_image\" \/>\n<meta name=\"twitter:label1\" content=\"Est. tempo de leitura\">\n\t<meta name=\"twitter:data1\" content=\"3 minutos\">\n<script type=\"application\/ld+json\" class=\"yoast-schema-graph\">{\"@context\":\"https:\/\/schema.org\",\"@graph\":[{\"@type\":\"Organization\",\"@id\":\"https:\/\/flexmultservice.com.br\/tercerizacao-de-servicos\/#organization\",\"name\":\"Flex Mult Service\",\"url\":\"https:\/\/flexmultservice.com.br\/tercerizacao-de-servicos\/\",\"sameAs\":[\"https:\/\/www.facebook.com\/Flex-Mult-Service-103623348472148\",\"https:\/\/www.instagram.com\/flexmultservice\/\"],\"logo\":{\"@type\":\"ImageObject\",\"@id\":\"https:\/\/flexmultservice.com.br\/tercerizacao-de-servicos\/#logo\",\"inLanguage\":\"pt-BR\",\"url\":\"\",\"width\":285,\"height\":139,\"caption\":\"Flex Mult Service\"},\"image\":{\"@id\":\"https:\/\/flexmultservice.com.br\/tercerizacao-de-servicos\/#logo\"}},{\"@type\":\"WebSite\",\"@id\":\"https:\/\/flexmultservice.com.br\/tercerizacao-de-servicos\/#website\",\"url\":\"https:\/\/flexmultservice.com.br\/tercerizacao-de-servicos\/\",\"name\":\"Terceiriza\\u00e7\\u00e3o de servi\\u00e7o em Alphaville - Para Empresas e Condom\\u00ednios\",\"description\":\"Precisando Contratar Uma Empresa Especializada em Servi\\u00e7os Terceirizados Conhe\\u00e7a a Flex Mult Service . Oferecemos Solu\\u00e7\\u00f5es Completas de Terceiriza\\u00e7\\u00e3o de servi\\u00e7o de portatia, limpeza, jardinagem, Sindico Profissional, portaria 24 horas\",\"publisher\":{\"@id\":\"https:\/\/flexmultservice.com.br\/tercerizacao-de-servicos\/#organization\"},\"potentialAction\":[{\"@type\":\"SearchAction\",\"target\":\"https:\/\/flexmultservice.com.br\/tercerizacao-de-servicos\/?s={search_term_string}\",\"query-input\":\"required name=search_term_string\"}],\"inLanguage\":\"pt-BR\"},{\"@type\":\"ImageObject\",\"@id\":\"https:\/\/flexmultservice.com.br\/tercerizacao-de-servicos\/empresa-de-limpeza-de-escolas-aracoiaba-da-serra\/#primaryimage\",\"inLanguage\":\"pt-BR\",\"url\":\"http:\/\/flexmultservice.com.br\/img\/servico\/05.png\"},{\"@type\":\"WebPage\",\"@id\":\"https:\/\/flexmultservice.com.br\/tercerizacao-de-servicos\/empresa-de-limpeza-de-escolas-aracoiaba-da-serra\/#webpage\",\"url\":\"https:\/\/flexmultservice.com.br\/tercerizacao-de-servicos\/empresa-de-limpeza-de-escolas-aracoiaba-da-serra\/\",\"name\":\"Empresa de Limpeza de Escola Ara\\u00e7oiaba da Serra - Terceiriza\\u00e7\\u00e3o de servi\\u00e7o em Alphaville - Para Empresas e Condom\\u00ednios\",\"isPartOf\":{\"@id\":\"https:\/\/flexmultservice.com.br\/tercerizacao-de-servicos\/#website\"},\"primaryImageOfPage\":{\"@id\":\"https:\/\/flexmultservice.com.br\/tercerizacao-de-servicos\/empresa-de-limpeza-de-escolas-aracoiaba-da-serra\/#primaryimage\"},\"datePublished\":\"2021-07-30T10:41:00+00:00\",\"dateModified\":\"2023-05-10T18:01:54+00:00\",\"inLanguage\":\"pt-BR\",\"potentialAction\":[{\"@type\":\"ReadAction\",\"target\":[\"https:\/\/flexmultservice.com.br\/tercerizacao-de-servicos\/empresa-de-limpeza-de-escolas-aracoiaba-da-serra\/\"]}]}]}<\/script>\n<!-- \/ Yoast SEO Premium plugin. -->","_links":{"self":[{"href":"https:\/\/flexmultservice.com.br\/tercerizacao-de-servicos\/wp-json\/wp\/v2\/pages\/8933"}],"collection":[{"href":"https:\/\/flexmultservice.com.br\/tercerizacao-de-servicos\/wp-json\/wp\/v2\/pages"}],"about":[{"href":"https:\/\/flexmultservice.com.br\/tercerizacao-de-servicos\/wp-json\/wp\/v2\/types\/page"}],"author":[{"embeddable":true,"href":"https:\/\/flexmultservice.com.br\/tercerizacao-de-servicos\/wp-json\/wp\/v2\/users\/1"}],"replies":[{"embeddable":true,"href":"https:\/\/flexmultservice.com.br\/tercerizacao-de-servicos\/wp-json\/wp\/v2\/comments?post=8933"}],"version-history":[{"count":1,"href":"https:\/\/flexmultservice.com.br\/tercerizacao-de-servicos\/wp-json\/wp\/v2\/pages\/8933\/revisions"}],"predecessor-version":[{"id":12622,"href":"https:\/\/flexmultservice.com.br\/tercerizacao-de-servicos\/wp-json\/wp\/v2\/pages\/8933\/revisions\/12622"}],"wp:attachment":[{"href":"https:\/\/flexmultservice.com.br\/tercerizacao-de-servicos\/wp-json\/wp\/v2\/media?parent=8933"}],"curies":[{"name":"wp","href":"https:\/\/api.w.org\/{rel}","templated":true}]}}